{"id":469,"date":"2022-02-21T20:37:13","date_gmt":"2022-02-21T19:37:13","guid":{"rendered":"https:\/\/joffroy-vermote.com\/?page_id=469"},"modified":"2022-02-21T23:06:59","modified_gmt":"2022-02-21T22:06:59","slug":"bio","status":"publish","type":"page","link":"https:\/\/joffroy-vermote.com\/index.php\/bio\/","title":{"rendered":"Bio"},"content":{"rendered":"\t\t<div data-elementor-type=\"wp-page\" data-elementor-id=\"469\" class=\"elementor elementor-469\">\n\t\t\t\t\t\t<section class=\"elementor-section elementor-top-section elementor-element elementor-element-2a8c317 elementor-section-full_width elementor-section-height-min-height elementor-section-items-stretch elementor-section-height-default\" data-id=\"2a8c317\" data-element_type=\"section\">\n\t\t\t\t\t\t<div class=\"elementor-container elementor-column-gap-no\">\n\t\t\t\t\t<div class=\"elementor-column elementor-col-50 elementor-top-column elementor-element elementor-element-21da82a\" data-id=\"21da82a\" data-element_type=\"column\">\n\t\t\t<div class=\"elementor-widget-wrap elementor-element-populated\">\n\t\t\t\t\t\t<div class=\"elementor-element elementor-element-6031050 elementor-widget elementor-widget-heading\" data-id=\"6031050\" data-element_type=\"widget\" data-widget_type=\"heading.default\">\n\t\t\t\t<div class=\"elementor-widget-container\">\n\t\t\t<h2 class=\"elementor-heading-title elementor-size-default\">Joffroy<\/h2>\t\t<\/div>\n\t\t\t\t<\/div>\n\t\t\t\t<div class=\"elementor-element elementor-element-af858a7 elementor-widget elementor-widget-text-editor\" data-id=\"af858a7\" data-element_type=\"widget\" data-widget_type=\"text-editor.default\">\n\t\t\t\t<div class=\"elementor-widget-container\">\n\t\t\t\t\t\t\t<p>\u00c9tudiant en 3\u00e8me ann\u00e9e en licence Sciences de l\u2019Information et de la Communication.<span class=\"Apple-converted-space\">\u00a0<\/span><\/p><p>Durant mon cursus, j\u2019ai eu l\u2019opportunit\u00e9 de cr\u00e9er des designs et templates lors de projets universitaires mais \u00e9galement de r\u00e9aliser des designs sur des projets personnels.<\/p>\t\t\t\t\t\t<\/div>\n\t\t\t\t<\/div>\n\t\t\t\t<div class=\"elementor-element elementor-element-4508209 elementor-align-left elementor-widget elementor-widget-button\" data-id=\"4508209\" data-element_type=\"widget\" data-widget_type=\"button.default\">\n\t\t\t\t<div class=\"elementor-widget-container\">\n\t\t\t\t\t\t\t<div class=\"elementor-button-wrapper\">\n\t\t\t\t\t<a class=\"elementor-button elementor-button-link elementor-size-sm elementor-animation-sink\" href=\"mailto:joffroy.vermote@gmail.com\">\n\t\t\t\t\t\t<span class=\"elementor-button-content-wrapper\">\n\t\t\t\t\t\t\t\t\t<span class=\"elementor-button-text\">ME CONTACTER<\/span>\n\t\t\t\t\t<\/span>\n\t\t\t\t\t<\/a>\n\t\t\t\t<\/div>\n\t\t\t\t\t\t<\/div>\n\t\t\t\t<\/div>\n\t\t\t\t<div class=\"elementor-element elementor-element-3521e73 elementor-widget elementor-widget-button\" data-id=\"3521e73\" data-element_type=\"widget\" data-widget_type=\"button.default\">\n\t\t\t\t<div class=\"elementor-widget-container\">\n\t\t\t\t\t\t\t<div class=\"elementor-button-wrapper\">\n\t\t\t\t\t<a class=\"elementor-button elementor-button-link elementor-size-sm elementor-animation-sink\" href=\"https:\/\/joffroy-vermote.com\/wp-content\/uploads\/2022\/02\/CV-J.VERMOTE.pdf\" target=\"_blank\" rel=\"nofollow\">\n\t\t\t\t\t\t<span class=\"elementor-button-content-wrapper\">\n\t\t\t\t\t\t\t\t\t<span class=\"elementor-button-text\">VOIR MON CV<\/span>\n\t\t\t\t\t<\/span>\n\t\t\t\t\t<\/a>\n\t\t\t\t<\/div>\n\t\t\t\t\t\t<\/div>\n\t\t\t\t<\/div>\n\t\t\t\t\t<\/div>\n\t\t<\/div>\n\t\t\t\t<div class=\"elementor-column elementor-col-50 elementor-top-column elementor-element elementor-element-f6a2624\" data-id=\"f6a2624\" data-element_type=\"column\">\n\t\t\t<div class=\"elementor-widget-wrap\">\n\t\t\t\t\t\t\t<\/div>\n\t\t<\/div>\n\t\t\t\t\t<\/div>\n\t\t<\/section>\n\t\t\t\t<\/div>\n\t\t","protected":false},"excerpt":{"rendered":"<p>Joffroy \u00c9tudiant en 3\u00e8me ann\u00e9e en licence Sciences de l\u2019Information et de la Communication.\u00a0 Durant mon cursus, j\u2019ai eu l\u2019opportunit\u00e9 de cr\u00e9er des designs et templates lors de projets universitaires mais \u00e9galement de r\u00e9aliser des designs sur des projets personnels. ME CONTACTER VOIR MON CV<\/p>\n","protected":false},"author":1,"featured_media":0,"parent":0,"menu_order":0,"comment_status":"closed","ping_status":"closed","template":"","meta":{"_acf_changed":false,"footnotes":""},"class_list":["post-469","page","type-page","status-publish","hentry"],"acf":[],"yoast_head":"<!-- This site is optimized with the Yoast SEO plugin v26.6 - https:\/\/yoast.com\/wordpress\/plugins\/seo\/ -->\n<title>Bio - Joffroy Vermote<\/title>\n<meta name=\"robots\" content=\"index, follow, max-snippet:-1, max-image-preview:large, max-video-preview:-1\" \/>\n<link rel=\"canonical\" href=\"https:\/\/joffroy-vermote.com\/index.php\/bio\/\" \/>\n<meta property=\"og:locale\" content=\"en_US\" \/>\n<meta property=\"og:type\" content=\"article\" \/>\n<meta property=\"og:title\" content=\"Bio - Joffroy Vermote\" \/>\n<meta property=\"og:description\" content=\"Joffroy \u00c9tudiant en 3\u00e8me ann\u00e9e en licence Sciences de l\u2019Information et de la Communication.\u00a0 Durant mon cursus, j\u2019ai eu l\u2019opportunit\u00e9 de cr\u00e9er des designs et templates lors de projets universitaires mais \u00e9galement de r\u00e9aliser des designs sur des projets personnels. ME CONTACTER VOIR MON CV\" \/>\n<meta property=\"og:url\" content=\"https:\/\/joffroy-vermote.com\/index.php\/bio\/\" \/>\n<meta property=\"og:site_name\" content=\"Joffroy Vermote\" \/>\n<meta property=\"article:modified_time\" content=\"2022-02-21T22:06:59+00:00\" \/>\n<meta name=\"twitter:card\" content=\"summary_large_image\" \/>\n<meta name=\"twitter:label1\" content=\"Est. reading time\" \/>\n\t<meta name=\"twitter:data1\" content=\"1 minute\" \/>\n<script type=\"application\/ld+json\" class=\"yoast-schema-graph\">{\"@context\":\"https:\/\/schema.org\",\"@graph\":[{\"@type\":\"WebPage\",\"@id\":\"https:\/\/joffroy-vermote.com\/index.php\/bio\/\",\"url\":\"https:\/\/joffroy-vermote.com\/index.php\/bio\/\",\"name\":\"Bio - Joffroy Vermote\",\"isPartOf\":{\"@id\":\"https:\/\/joffroy-vermote.com\/#website\"},\"datePublished\":\"2022-02-21T19:37:13+00:00\",\"dateModified\":\"2022-02-21T22:06:59+00:00\",\"breadcrumb\":{\"@id\":\"https:\/\/joffroy-vermote.com\/index.php\/bio\/#breadcrumb\"},\"inLanguage\":\"en-US\",\"potentialAction\":[{\"@type\":\"ReadAction\",\"target\":[\"https:\/\/joffroy-vermote.com\/index.php\/bio\/\"]}]},{\"@type\":\"BreadcrumbList\",\"@id\":\"https:\/\/joffroy-vermote.com\/index.php\/bio\/#breadcrumb\",\"itemListElement\":[{\"@type\":\"ListItem\",\"position\":1,\"name\":\"Home\",\"item\":\"https:\/\/joffroy-vermote.com\/\"},{\"@type\":\"ListItem\",\"position\":2,\"name\":\"Bio\"}]},{\"@type\":\"WebSite\",\"@id\":\"https:\/\/joffroy-vermote.com\/#website\",\"url\":\"https:\/\/joffroy-vermote.com\/\",\"name\":\"Joffroy Vermote\",\"description\":\"D\u00e9couvrez mes projets\",\"publisher\":{\"@id\":\"https:\/\/joffroy-vermote.com\/#organization\"},\"potentialAction\":[{\"@type\":\"SearchAction\",\"target\":{\"@type\":\"EntryPoint\",\"urlTemplate\":\"https:\/\/joffroy-vermote.com\/?s={search_term_string}\"},\"query-input\":{\"@type\":\"PropertyValueSpecification\",\"valueRequired\":true,\"valueName\":\"search_term_string\"}}],\"inLanguage\":\"en-US\"},{\"@type\":\"Organization\",\"@id\":\"https:\/\/joffroy-vermote.com\/#organization\",\"name\":\"Joffroy Vermote\",\"url\":\"https:\/\/joffroy-vermote.com\/\",\"logo\":{\"@type\":\"ImageObject\",\"inLanguage\":\"en-US\",\"@id\":\"https:\/\/joffroy-vermote.com\/#\/schema\/logo\/image\/\",\"url\":\"https:\/\/joffroy-vermote.com\/wp-content\/uploads\/2022\/02\/JOFFROY-logo.png\",\"contentUrl\":\"https:\/\/joffroy-vermote.com\/wp-content\/uploads\/2022\/02\/JOFFROY-logo.png\",\"width\":2084,\"height\":364,\"caption\":\"Joffroy Vermote\"},\"image\":{\"@id\":\"https:\/\/joffroy-vermote.com\/#\/schema\/logo\/image\/\"}}]}<\/script>\n<!-- \/ Yoast SEO plugin. -->","yoast_head_json":{"title":"Bio - Joffroy Vermote","robots":{"index":"index","follow":"follow","max-snippet":"max-snippet:-1","max-image-preview":"max-image-preview:large","max-video-preview":"max-video-preview:-1"},"canonical":"https:\/\/joffroy-vermote.com\/index.php\/bio\/","og_locale":"en_US","og_type":"article","og_title":"Bio - Joffroy Vermote","og_description":"Joffroy \u00c9tudiant en 3\u00e8me ann\u00e9e en licence Sciences de l\u2019Information et de la Communication.\u00a0 Durant mon cursus, j\u2019ai eu l\u2019opportunit\u00e9 de cr\u00e9er des designs et templates lors de projets universitaires mais \u00e9galement de r\u00e9aliser des designs sur des projets personnels. ME CONTACTER VOIR MON CV","og_url":"https:\/\/joffroy-vermote.com\/index.php\/bio\/","og_site_name":"Joffroy Vermote","article_modified_time":"2022-02-21T22:06:59+00:00","twitter_card":"summary_large_image","twitter_misc":{"Est. reading time":"1 minute"},"schema":{"@context":"https:\/\/schema.org","@graph":[{"@type":"WebPage","@id":"https:\/\/joffroy-vermote.com\/index.php\/bio\/","url":"https:\/\/joffroy-vermote.com\/index.php\/bio\/","name":"Bio - Joffroy Vermote","isPartOf":{"@id":"https:\/\/joffroy-vermote.com\/#website"},"datePublished":"2022-02-21T19:37:13+00:00","dateModified":"2022-02-21T22:06:59+00:00","breadcrumb":{"@id":"https:\/\/joffroy-vermote.com\/index.php\/bio\/#breadcrumb"},"inLanguage":"en-US","potentialAction":[{"@type":"ReadAction","target":["https:\/\/joffroy-vermote.com\/index.php\/bio\/"]}]},{"@type":"BreadcrumbList","@id":"https:\/\/joffroy-vermote.com\/index.php\/bio\/#breadcrumb","itemListElement":[{"@type":"ListItem","position":1,"name":"Home","item":"https:\/\/joffroy-vermote.com\/"},{"@type":"ListItem","position":2,"name":"Bio"}]},{"@type":"WebSite","@id":"https:\/\/joffroy-vermote.com\/#website","url":"https:\/\/joffroy-vermote.com\/","name":"Joffroy Vermote","description":"D\u00e9couvrez mes projets","publisher":{"@id":"https:\/\/joffroy-vermote.com\/#organization"},"potentialAction":[{"@type":"SearchAction","target":{"@type":"EntryPoint","urlTemplate":"https:\/\/joffroy-vermote.com\/?s={search_term_string}"},"query-input":{"@type":"PropertyValueSpecification","valueRequired":true,"valueName":"search_term_string"}}],"inLanguage":"en-US"},{"@type":"Organization","@id":"https:\/\/joffroy-vermote.com\/#organization","name":"Joffroy Vermote","url":"https:\/\/joffroy-vermote.com\/","logo":{"@type":"ImageObject","inLanguage":"en-US","@id":"https:\/\/joffroy-vermote.com\/#\/schema\/logo\/image\/","url":"https:\/\/joffroy-vermote.com\/wp-content\/uploads\/2022\/02\/JOFFROY-logo.png","contentUrl":"https:\/\/joffroy-vermote.com\/wp-content\/uploads\/2022\/02\/JOFFROY-logo.png","width":2084,"height":364,"caption":"Joffroy Vermote"},"image":{"@id":"https:\/\/joffroy-vermote.com\/#\/schema\/logo\/image\/"}}]}},"_links":{"self":[{"href":"https:\/\/joffroy-vermote.com\/index.php\/wp-json\/wp\/v2\/pages\/469","targetHints":{"allow":["GET"]}}],"collection":[{"href":"https:\/\/joffroy-vermote.com\/index.php\/wp-json\/wp\/v2\/pages"}],"about":[{"href":"https:\/\/joffroy-vermote.com\/index.php\/wp-json\/wp\/v2\/types\/page"}],"author":[{"embeddable":true,"href":"https:\/\/joffroy-vermote.com\/index.php\/wp-json\/wp\/v2\/users\/1"}],"replies":[{"embeddable":true,"href":"https:\/\/joffroy-vermote.com\/index.php\/wp-json\/wp\/v2\/comments?post=469"}],"version-history":[{"count":37,"href":"https:\/\/joffroy-vermote.com\/index.php\/wp-json\/wp\/v2\/pages\/469\/revisions"}],"predecessor-version":[{"id":538,"href":"https:\/\/joffroy-vermote.com\/index.php\/wp-json\/wp\/v2\/pages\/469\/revisions\/538"}],"wp:attachment":[{"href":"https:\/\/joffroy-vermote.com\/index.php\/wp-json\/wp\/v2\/media?parent=469"}],"curies":[{"name":"wp","href":"https:\/\/api.w.org\/{rel}","templated":true}]}}